{"id":19,"date":"2023-10-23T20:07:57","date_gmt":"2023-10-23T20:07:57","guid":{"rendered":"https:\/\/jucom.si\/?page_id=19"},"modified":"2026-01-24T17:51:47","modified_gmt":"2026-01-24T15:51:47","slug":"what-we-do","status":"publish","type":"page","link":"https:\/\/jucom.si\/","title":{"rendered":"VSE NA ENEM MESTU &#8211; OD STROJA DO ORODJA IN TEHNOLOGIJE NA KLJU\u010c"},"content":{"rendered":"\n<div class=\"wp-block-cover alignfull\"><img loading=\"lazy\" decoding=\"async\" width=\"541\" height=\"360\" class=\"wp-block-cover__image-background wp-image-25\" alt=\"\" src=\"https:\/\/jucom.si\/wp-content\/uploads\/2023\/10\/homepage.jpg\" data-object-fit=\"cover\" srcset=\"https:\/\/jucom.si\/wp-content\/uploads\/2023\/10\/homepage.jpg 541w, https:\/\/jucom.si\/wp-content\/uploads\/2023\/10\/homepage-300x200.jpg 300w\" sizes=\"auto, (max-width: 541px) 100vw, 541px\" \/><span aria-hidden=\"true\" class=\"wp-block-cover__background has-background-dim\"><\/span><div class=\"wp-block-cover__inner-container is-layout-constrained wp-block-cover-is-layout-constrained\">\n<p class=\"has-text-align-center has-large-font-size\">JUCOM<br><\/p>\n<\/div><\/div>\n\n\n\n<p class=\"has-text-align-center\"><\/p>\n\n\n\n<hr class=\"wp-block-separator has-alpha-channel-opacity\"\/>\n\n\n\n<div data-wp-interactive=\"core\/file\" class=\"wp-block-file\"><object data-wp-bind--hidden=\"!state.hasPdfPreview\" hidden class=\"wp-block-file__embed\" data=\"https:\/\/jucom.si\/wp-content\/uploads\/2025\/11\/Mitutoyo-Winter-Promotion-2025-DE-_SARATOOLS.pdf\" type=\"application\/pdf\" style=\"width:100%;height:1030px\" aria-label=\"Embed of Mitutoyo Winter Promotion 2025 DE _SARATOOLS.\"><\/object><a id=\"wp-block-file--media-a70b87a0-d725-43c6-be45-e23e02615ae2\" href=\"https:\/\/jucom.si\/wp-content\/uploads\/2025\/11\/Mitutoyo-Winter-Promotion-2025-DE-_SARATOOLS.pdf\">Mitutoyo Winter Promotion 2025 DE _SARATOOLS<\/a><a href=\"https:\/\/jucom.si\/wp-content\/uploads\/2025\/11\/Mitutoyo-Winter-Promotion-2025-DE-_SARATOOLS.pdf\" class=\"wp-block-file__button wp-element-button\" download aria-describedby=\"wp-block-file--media-a70b87a0-d725-43c6-be45-e23e02615ae2\">Download<\/a><\/div>\n\n\n\n<div class=\"wp-block-columns is-layout-flex wp-container-core-columns-is-layout-28f84493 wp-block-columns-is-layout-flex\">\n<div class=\"wp-block-column is-layout-flow wp-block-column-is-layout-flow\">\n<figure class=\"wp-block-image size-full\"><a href=\"https:\/\/jucom.si\/wp-content\/uploads\/2025\/02\/ee705bd3-fbab-4517-ae55-b099bf75a074.pdf\"><img loading=\"lazy\" decoding=\"async\" width=\"650\" height=\"896\" src=\"https:\/\/jucom.si\/wp-content\/uploads\/2025\/02\/Screenshot-2025-02-03-at-12.09.37.png\" alt=\"\" class=\"wp-image-616\" srcset=\"https:\/\/jucom.si\/wp-content\/uploads\/2025\/02\/Screenshot-2025-02-03-at-12.09.37.png 650w, https:\/\/jucom.si\/wp-content\/uploads\/2025\/02\/Screenshot-2025-02-03-at-12.09.37-218x300.png 218w\" sizes=\"auto, (max-width: 650px) 100vw, 650px\" \/><\/a><\/figure>\n<\/div>\n\n\n\n<div class=\"wp-block-column is-layout-flow wp-block-column-is-layout-flow\">\n<div data-wp-interactive=\"core\/file\" class=\"wp-block-file\"><object data-wp-bind--hidden=\"!state.hasPdfPreview\" hidden class=\"wp-block-file__embed\" data=\"https:\/\/jucom.si\/wp-content\/uploads\/2025\/04\/PR-1278-Spring-Promotion-2025_DE-Sartorius.pdf\" type=\"application\/pdf\" style=\"width:100%;height:600px\" aria-label=\"Embed of Spring Promotion 2025.\"><\/object><a id=\"wp-block-file--media-1a82c42c-bca3-402c-a726-0d1aa15e41ef\" href=\"https:\/\/jucom.si\/wp-content\/uploads\/2025\/04\/PR-1278-Spring-Promotion-2025_DE-Sartorius.pdf\">Spring Promotion 2025<\/a><a href=\"https:\/\/jucom.si\/wp-content\/uploads\/2025\/04\/PR-1278-Spring-Promotion-2025_DE-Sartorius.pdf\" class=\"wp-block-file__button wp-element-button\" download aria-describedby=\"wp-block-file--media-1a82c42c-bca3-402c-a726-0d1aa15e41ef\">Download<\/a><\/div>\n<\/div>\n<\/div>\n\n\n\n<div class=\"wp-block-group\"><div class=\"wp-block-group__inner-container is-layout-constrained wp-block-group-is-layout-constrained\">\n<div class=\"wp-block-columns is-layout-flex wp-container-core-columns-is-layout-28f84493 wp-block-columns-is-layout-flex\">\n<div class=\"wp-block-column is-layout-flow wp-block-column-is-layout-flow\" style=\"flex-basis:100%\">\n<div data-wp-interactive=\"core\/file\" class=\"wp-block-file\"><object data-wp-bind--hidden=\"!state.hasPdfPreview\" hidden class=\"wp-block-file__embed\" data=\"https:\/\/jucom.si\/wp-content\/uploads\/2025\/05\/ToolSolution-25_03-saratools-GB.pdf\" type=\"application\/pdf\" style=\"width:100%;height:590px\" aria-label=\"Embed of ToolSolution 25_03 saratools GB.\"><\/object><a id=\"wp-block-file--media-4711e6d5-3b12-44d1-9dc5-e9fa8386d535\" href=\"https:\/\/jucom.si\/wp-content\/uploads\/2025\/05\/ToolSolution-25_03-saratools-GB.pdf\">ToolSolution 25_03 saratools GB<\/a><a href=\"https:\/\/jucom.si\/wp-content\/uploads\/2025\/05\/ToolSolution-25_03-saratools-GB.pdf\" class=\"wp-block-file__button wp-element-button\" download aria-describedby=\"wp-block-file--media-4711e6d5-3b12-44d1-9dc5-e9fa8386d535\">Download<\/a><\/div>\n<\/div>\n<\/div>\n<\/div><\/div>\n\n\n\n<p><a href=\"https:\/\/jucom.si\/wp-content\/uploads\/2024\/09\/OSG-Wendeplattenbohrer-2024_Export.pdf\" data-type=\"link\" data-id=\"https:\/\/jucom.si\/wp-content\/uploads\/2024\/08\/a3b3486f-e887-47c9-bd66-ac790a14d215.pdf\">OSG topovski svedri &#8211; AKCIJA<\/a><\/p>\n\n\n\n<p><\/p>\n\n\n\n<div class=\"wp-block-media-text is-stacked-on-mobile\"><figure class=\"wp-block-media-text__media\"><a href=\"https:\/\/toolfinder.sartorius-werkzeuge.de\/?lang=en#start\"><img loading=\"lazy\" decoding=\"async\" width=\"1024\" height=\"250\" src=\"https:\/\/jucom.si\/wp-content\/uploads\/2023\/10\/SARATOOLScom2500x610px-1024x250.png\" alt=\"\" class=\"wp-image-53 size-full\" srcset=\"https:\/\/jucom.si\/wp-content\/uploads\/2023\/10\/SARATOOLScom2500x610px-1024x250.png 1024w, https:\/\/jucom.si\/wp-content\/uploads\/2023\/10\/SARATOOLScom2500x610px-300x73.png 300w, https:\/\/jucom.si\/wp-content\/uploads\/2023\/10\/SARATOOLScom2500x610px-768x187.png 768w, https:\/\/jucom.si\/wp-content\/uploads\/2023\/10\/SARATOOLScom2500x610px-1536x375.png 1536w, https:\/\/jucom.si\/wp-content\/uploads\/2023\/10\/SARATOOLScom2500x610px-2048x500.png 2048w, https:\/\/jucom.si\/wp-content\/uploads\/2023\/10\/SARATOOLScom2500x610px-1568x383.png 1568w\" sizes=\"auto, (max-width: 1024px) 100vw, 1024px\" \/><\/a><\/figure><div class=\"wp-block-media-text__content\">\n<p>Prodaja svedrov in rezilnih orodji za CNC stroje ter ro\u010dno orodje, itd&#8230;<\/p>\n<\/div><\/div>\n\n\n<div class=\"wp-block-image\">\n<figure class=\"aligncenter size-full is-resized\"><img loading=\"lazy\" decoding=\"async\" width=\"544\" height=\"80\" src=\"https:\/\/jucom.si\/wp-content\/uploads\/2024\/05\/c4667d46-94bd-4399-83ea-3248db78991a.png\" alt=\"\" class=\"wp-image-280\" style=\"width:762px;height:auto\" srcset=\"https:\/\/jucom.si\/wp-content\/uploads\/2024\/05\/c4667d46-94bd-4399-83ea-3248db78991a.png 544w, https:\/\/jucom.si\/wp-content\/uploads\/2024\/05\/c4667d46-94bd-4399-83ea-3248db78991a-300x44.png 300w\" sizes=\"auto, (max-width: 544px) 100vw, 544px\" \/><\/figure>\n<\/div>\n\n\n<pre class=\"wp-block-preformatted\">   <br> <\/pre>\n\n\n\n<p><\/p>\n\n\n\n<div class=\"wp-block-columns is-layout-flex wp-container-core-columns-is-layout-28f84493 wp-block-columns-is-layout-flex\">\n<div class=\"wp-block-column is-layout-flow wp-block-column-is-layout-flow\">\n<figure class=\"wp-block-image size-full is-resized\"><a href=\"https:\/\/jucom.si\/index.php\/leadwell\/\"><img loading=\"lazy\" decoding=\"async\" width=\"264\" height=\"78\" src=\"https:\/\/jucom.si\/wp-content\/uploads\/2024\/05\/6c3a3ba5-b959-451f-a811-beae9e71f020-1.png\" alt=\"\" class=\"wp-image-274\" style=\"width:374px;height:auto\"\/><\/a><\/figure>\n<\/div>\n\n\n\n<div class=\"wp-block-column is-layout-flow wp-block-column-is-layout-flow\">\n<p>CNC obdelovalni centri, portalni in revolverske stru<em>\u017e<\/em>nice<\/p>\n<\/div>\n<\/div>\n\n\n<div class=\"wp-block-image\">\n<figure class=\"aligncenter size-full is-resized\"><a href=\"https:\/\/www.leadwell.com.tw\/eng_products.asp\"><img loading=\"lazy\" decoding=\"async\" width=\"865\" height=\"201\" src=\"https:\/\/jucom.si\/wp-content\/uploads\/2024\/05\/998170cf-f504-4578-babc-98684962ec14.png\" alt=\"\" class=\"wp-image-271\" style=\"width:925px;height:auto\" srcset=\"https:\/\/jucom.si\/wp-content\/uploads\/2024\/05\/998170cf-f504-4578-babc-98684962ec14.png 865w, https:\/\/jucom.si\/wp-content\/uploads\/2024\/05\/998170cf-f504-4578-babc-98684962ec14-300x70.png 300w, https:\/\/jucom.si\/wp-content\/uploads\/2024\/05\/998170cf-f504-4578-babc-98684962ec14-768x178.png 768w\" sizes=\"auto, (max-width: 865px) 100vw, 865px\" \/><\/a><\/figure>\n<\/div>\n\n\n<blockquote class=\"wp-block-quote is-layout-flow wp-block-quote-is-layout-flow\">\n<p><a href=\"https:\/\/www.leadwell.com.tw\/showroom\/eng.html\">VISIT OUR VIRTUAL SHOW ROOM<\/a><\/p>\n<cite>Leadwell &#8211; we lead the way<\/cite><\/blockquote>\n\n\n\n<div class=\"wp-block-columns is-layout-flex wp-container-core-columns-is-layout-28f84493 wp-block-columns-is-layout-flex\">\n<div class=\"wp-block-column is-layout-flow wp-block-column-is-layout-flow\" style=\"flex-basis:100%\">\n<pre class=\"wp-block-preformatted\"><br><\/pre>\n<\/div>\n<\/div>\n\n\n\n<div class=\"wp-block-columns is-layout-flex wp-container-core-columns-is-layout-28f84493 wp-block-columns-is-layout-flex\">\n<div class=\"wp-block-column is-layout-flow wp-block-column-is-layout-flow\">\n<figure class=\"wp-block-image size-full\"><a href=\"https:\/\/jucom.si\/index.php\/van\/\"><img loading=\"lazy\" decoding=\"async\" width=\"428\" height=\"216\" src=\"https:\/\/jucom.si\/wp-content\/uploads\/2024\/07\/fbf54113-e4b3-4108-b51d-ff8abe19a83b-1.png\" alt=\"\" class=\"wp-image-363\" srcset=\"https:\/\/jucom.si\/wp-content\/uploads\/2024\/07\/fbf54113-e4b3-4108-b51d-ff8abe19a83b-1.png 428w, https:\/\/jucom.si\/wp-content\/uploads\/2024\/07\/fbf54113-e4b3-4108-b51d-ff8abe19a83b-1-300x151.png 300w\" sizes=\"auto, (max-width: 428px) 100vw, 428px\" \/><\/a><\/figure>\n<\/div>\n\n\n\n<div class=\"wp-block-column is-layout-flow wp-block-column-is-layout-flow\">\n<p>Smo distributer za precizne in hitre stroje VAN. Ponujamo vam re\u0161itve za natan\u010dno proizvodnjo.<\/p>\n<\/div>\n<\/div>\n\n\n\n<div class=\"wp-block-columns is-layout-flex wp-container-core-columns-is-layout-28f84493 wp-block-columns-is-layout-flex\">\n<div class=\"wp-block-column is-layout-flow wp-block-column-is-layout-flow\"><div class=\"wp-block-image\">\n<figure class=\"aligncenter size-full is-resized\"><a href=\"https:\/\/jucom.si\/index.php\/van\/\"><img loading=\"lazy\" decoding=\"async\" width=\"448\" height=\"380\" src=\"https:\/\/jucom.si\/wp-content\/uploads\/2024\/07\/bc2606a9-857a-4406-a002-3d9d251f5165.png\" alt=\"\" class=\"wp-image-355\" style=\"width:324px;height:auto\" srcset=\"https:\/\/jucom.si\/wp-content\/uploads\/2024\/07\/bc2606a9-857a-4406-a002-3d9d251f5165.png 448w, https:\/\/jucom.si\/wp-content\/uploads\/2024\/07\/bc2606a9-857a-4406-a002-3d9d251f5165-300x254.png 300w\" sizes=\"auto, (max-width: 448px) 100vw, 448px\" \/><\/a><\/figure>\n<\/div><\/div>\n\n\n\n<div class=\"wp-block-column is-layout-flow wp-block-column-is-layout-flow\">\n<figure class=\"wp-block-image size-full is-resized\"><a href=\"https:\/\/jucom.si\/index.php\/van\/\"><img loading=\"lazy\" decoding=\"async\" width=\"850\" height=\"462\" src=\"https:\/\/jucom.si\/wp-content\/uploads\/2024\/07\/7284de75-acce-4d94-abda-65c25de30f15.png\" alt=\"\" class=\"wp-image-359\" style=\"width:495px;height:auto\" srcset=\"https:\/\/jucom.si\/wp-content\/uploads\/2024\/07\/7284de75-acce-4d94-abda-65c25de30f15.png 850w, https:\/\/jucom.si\/wp-content\/uploads\/2024\/07\/7284de75-acce-4d94-abda-65c25de30f15-300x163.png 300w, https:\/\/jucom.si\/wp-content\/uploads\/2024\/07\/7284de75-acce-4d94-abda-65c25de30f15-768x417.png 768w\" sizes=\"auto, (max-width: 850px) 100vw, 850px\" \/><\/a><\/figure>\n<\/div>\n<\/div>\n\n\n<div class=\"wp-block-image\">\n<figure class=\"alignleft size-full is-resized\"><a href=\"https:\/\/jucom.si\/index.php\/kern-microtechnik\/\"><img loading=\"lazy\" decoding=\"async\" width=\"76\" height=\"63\" src=\"https:\/\/jucom.si\/wp-content\/uploads\/2024\/05\/fa909c4a-6bce-4046-b719-62e3d7327340.png\" alt=\"\" class=\"wp-image-262\" style=\"width:164px;height:auto\"\/><\/a><\/figure>\n<\/div>\n\n\n<div class=\"wp-block-columns is-layout-flex wp-container-core-columns-is-layout-28f84493 wp-block-columns-is-layout-flex\">\n<div class=\"wp-block-column is-layout-flow wp-block-column-is-layout-flow\">\n<p><strong><a href=\"https:\/\/jucom.si\/index.php\/kern-microtechnik\/\">Kern Microtechnik<\/a><\/strong><\/p>\n\n\n\n<p>Smo zastopnik za vrhunsko tehnolo\u0161ko dovr\u0161ene CNC precizne obdelovalne centre, priznanega nem\u0161kega podjetja.<\/p>\n<\/div>\n\n\n\n<div class=\"wp-block-column is-layout-flow wp-block-column-is-layout-flow\"><\/div>\n<\/div>\n\n\n<div class=\"wp-block-image\">\n<figure class=\"aligncenter size-large is-resized\"><a href=\"https:\/\/jucom.si\/index.php\/kern-microtechnik\/\"><img loading=\"lazy\" decoding=\"async\" width=\"1024\" height=\"401\" src=\"https:\/\/jucom.si\/wp-content\/uploads\/2024\/05\/64385486-25b5-4a49-9685-1e94ce9f40c6-1024x401.png\" alt=\"\" class=\"wp-image-261\" style=\"width:522px;height:auto\" srcset=\"https:\/\/jucom.si\/wp-content\/uploads\/2024\/05\/64385486-25b5-4a49-9685-1e94ce9f40c6-1024x401.png 1024w, https:\/\/jucom.si\/wp-content\/uploads\/2024\/05\/64385486-25b5-4a49-9685-1e94ce9f40c6-300x117.png 300w, https:\/\/jucom.si\/wp-content\/uploads\/2024\/05\/64385486-25b5-4a49-9685-1e94ce9f40c6-768x301.png 768w, https:\/\/jucom.si\/wp-content\/uploads\/2024\/05\/64385486-25b5-4a49-9685-1e94ce9f40c6.png 1103w\" sizes=\"auto, (max-width: 1024px) 100vw, 1024px\" \/><\/a><\/figure>\n<\/div>\n\n\n<pre class=\"wp-block-preformatted\"><br><br><\/pre>\n\n\n\n<div class=\"wp-block-columns is-layout-flex wp-container-core-columns-is-layout-28f84493 wp-block-columns-is-layout-flex\">\n<div class=\"wp-block-column is-layout-flow wp-block-column-is-layout-flow\">\n<figure class=\"wp-block-image size-full\"><a href=\"https:\/\/jucom.si\/index.php\/yizumi\/\"><img loading=\"lazy\" decoding=\"async\" width=\"527\" height=\"259\" src=\"https:\/\/jucom.si\/wp-content\/uploads\/2024\/04\/yizumi.png\" alt=\"\" class=\"wp-image-191\" srcset=\"https:\/\/jucom.si\/wp-content\/uploads\/2024\/04\/yizumi.png 527w, https:\/\/jucom.si\/wp-content\/uploads\/2024\/04\/yizumi-300x147.png 300w\" sizes=\"auto, (max-width: 527px) 100vw, 527px\" \/><\/a><\/figure>\n<\/div>\n\n\n\n<div class=\"wp-block-column is-layout-flow wp-block-column-is-layout-flow\">\n<p>predstavljamo Vam Yizumi, kar pomeni popolno preglednost in z veseljem vam predstavljamo <a href=\"https:\/\/yizumi-germany.de\/en\/downloads\/\">PREDSTAVITVENE KATALOGE<\/a>. <\/p>\n<\/div>\n<\/div>\n\n\n\n<figure class=\"wp-block-image size-full is-resized\"><img loading=\"lazy\" decoding=\"async\" width=\"748\" height=\"90\" src=\"https:\/\/jucom.si\/wp-content\/uploads\/2024\/04\/9.png\" alt=\"\" class=\"wp-image-240\" style=\"width:786px;height:auto\" srcset=\"https:\/\/jucom.si\/wp-content\/uploads\/2024\/04\/9.png 748w, https:\/\/jucom.si\/wp-content\/uploads\/2024\/04\/9-300x36.png 300w\" sizes=\"auto, (max-width: 748px) 100vw, 748px\" \/><\/figure>\n\n\n\n<pre class=\"wp-block-preformatted\"><br><br><\/pre>\n\n\n\n<div class=\"wp-block-columns is-layout-flex wp-container-core-columns-is-layout-28f84493 wp-block-columns-is-layout-flex\">\n<div class=\"wp-block-column is-layout-flow wp-block-column-is-layout-flow\">\n<figure class=\"wp-block-image size-full\"><img loading=\"lazy\" decoding=\"async\" width=\"12000\" height=\"6750\" src=\"https:\/\/jucom.si\/wp-content\/uploads\/2026\/01\/GH3015-7.jpg\" alt=\"\" class=\"wp-image-734\"\/><\/figure>\n<\/div>\n<\/div>\n\n\n\n<pre class=\"wp-block-preformatted\"><br><\/pre>\n\n\n\n<p><\/p>\n\n\n\n<div class=\"wp-block-columns is-layout-flex wp-container-core-columns-is-layout-28f84493 wp-block-columns-is-layout-flex\">\n<div class=\"wp-block-column is-layout-flow wp-block-column-is-layout-flow\">\n<div class=\"wp-block-media-text is-stacked-on-mobile\"><figure class=\"wp-block-media-text__media\"><a href=\"https:\/\/www.kaltenbach.com\/en\/product-portfolio\/\"><img loading=\"lazy\" decoding=\"async\" width=\"275\" height=\"183\" src=\"https:\/\/jucom.si\/wp-content\/uploads\/2023\/10\/prenos.jpeg\" alt=\"\" class=\"wp-image-51 size-full\"\/><\/a><\/figure><div class=\"wp-block-media-text__content\">\n<p>\u017daganje, vrtanje, termi\u010dno rezanje, peskanje ali barvanje \u2013 delo z jeklom pomeni ustvarjanje za prihodnost<br>S svojimi bogatimi izku\u0161njami je KALTENBACH eno vodilnih podjetij na podro\u010dju visokokakovostne opreme za obdelavo in konzerviranje jekla po vsem svetu.<\/p>\n<\/div><\/div>\n\n\n\n<div class=\"wp-block-media-text alignfull is-stacked-on-mobile is-vertically-aligned-center\" style=\"grid-template-columns:49% auto\"><figure class=\"wp-block-media-text__media\"><a href=\"https:\/\/mepsaws.it\/en\"><img loading=\"lazy\" decoding=\"async\" width=\"305\" height=\"259\" src=\"https:\/\/jucom.si\/wp-content\/uploads\/2024\/05\/ddddd-1.png\" alt=\"\" class=\"wp-image-339 size-full\" srcset=\"https:\/\/jucom.si\/wp-content\/uploads\/2024\/05\/ddddd-1.png 305w, https:\/\/jucom.si\/wp-content\/uploads\/2024\/05\/ddddd-1-300x255.png 300w\" sizes=\"auto, (max-width: 305px) 100vw, 305px\" \/><\/a><\/figure><div class=\"wp-block-media-text__content\">\n<p>MEP<\/p>\n\n\n\n<p>MEP je znan po svoji inovativnosti in stalnem razvoju novih tehnologij, kar omogo\u010da izdelavo visoko zmogljivih \u017eag, ki ustrezajo potrebam sodobnih industrijskih obratov. S svojo zavezanostjo kakovosti in strankam so MEP kro\u017ene in trakaste \u017eage postale priljubljena izbira med proizvajalci kovinskih izdelkov po vsem svetu.<\/p>\n<\/div><\/div>\n\n\n\n<p><\/p>\n<\/div>\n<\/div>\n\n\n\n\n\n<hr class=\"wp-block-separator has-alpha-channel-opacity\"\/>\n\n\n\n<div class=\"wp-block-group\"><div class=\"wp-block-group__inner-container is-layout-constrained wp-block-group-is-layout-constrained\">\n<div class=\"wp-block-columns is-layout-flex wp-container-core-columns-is-layout-28f84493 wp-block-columns-is-layout-flex\">\n<div class=\"wp-block-column has-background is-layout-flow wp-block-column-is-layout-flow\" style=\"background-color:#007ab80d\"><div class=\"wp-block-image\">\n<figure class=\"aligncenter is-resized\"><img loading=\"lazy\" decoding=\"async\" width=\"100\" height=\"100\" src=\"https:\/\/jucom.si\/wp-content\/uploads\/2023\/10\/1-Black-e1698089706830.png\" alt=\"\" class=\"wp-image-12\" style=\"aspect-ratio:1;width:78px;height:auto\"\/><\/figure>\n<\/div>\n\n\n<h6 class=\"wp-block-heading has-text-align-center\">Machines and Tools<\/h6>\n\n\n\n<ul style=\"line-height:1.5\" class=\"wp-block-list\">\n<li class=\"has-normal-font-size\" style=\"line-height:1.5\">CNC machines<\/li>\n\n\n\n<li class=\"has-normal-font-size\" style=\"line-height:1.5\">HPDC, IMM machines<\/li>\n\n\n\n<li class=\"has-normal-font-size\" style=\"line-height:1.5\">Sawing machines<\/li>\n\n\n\n<li class=\"has-normal-font-size\" style=\"line-height:1.5\">Lasers<\/li>\n\n\n\n<li class=\"has-normal-font-size\" style=\"line-height:1.5\">Cutting tools measuring equipment<\/li>\n<\/ul>\n<\/div>\n\n\n\n<div class=\"wp-block-column has-background is-layout-flow wp-block-column-is-layout-flow\" style=\"background-color:#007ab80d\"><div class=\"wp-block-image\">\n<figure class=\"aligncenter is-resized\"><img loading=\"lazy\" decoding=\"async\" width=\"100\" height=\"100\" src=\"https:\/\/jucom.si\/wp-content\/uploads\/2023\/10\/1-Black-e1698089706830.png\" alt=\"\" class=\"wp-image-12\" style=\"aspect-ratio:1;width:78px;height:auto\"\/><\/figure>\n<\/div>\n\n\n<h6 class=\"wp-block-heading has-text-align-center\">Production Division<\/h6>\n\n\n\n<ul class=\"wp-block-list\">\n<li style=\"line-height:1.5\">precise parts (aluminim, metal, plastic)<\/li>\n\n\n\n<li style=\"line-height:1.5\">assambling parts<\/li>\n\n\n\n<li style=\"line-height:1.5\">automotive and other industry<\/li>\n<\/ul>\n<\/div>\n\n\n\n<div class=\"wp-block-column has-background is-layout-flow wp-block-column-is-layout-flow\" style=\"background-color:#007ab80d\"><div class=\"wp-block-image\">\n<figure class=\"aligncenter size-large is-resized\"><img loading=\"lazy\" decoding=\"async\" width=\"1024\" height=\"1024\" src=\"https:\/\/jucom.si\/wp-content\/uploads\/2023\/10\/1-Black-1024x1024.png\" alt=\"\" class=\"wp-image-12\" style=\"aspect-ratio:1;width:83px;height:auto\"\/><\/figure>\n<\/div>\n\n\n<h6 class=\"wp-block-heading has-text-align-center\">Toolshop Division<\/h6>\n\n\n\n<ul class=\"wp-block-list\">\n<li>Turnkey solutions<\/li>\n\n\n\n<li style=\"line-height:1.5\">Clamping tools<\/li>\n\n\n\n<li style=\"line-height:1.5\">Technology<\/li>\n\n\n\n<li style=\"line-height:1.5\">Process solutions<\/li>\n<\/ul>\n<\/div>\n<\/div>\n<\/div><\/div>\n\n\n\n<div class=\"wp-block-columns is-layout-flex wp-container-core-columns-is-layout-28f84493 wp-block-columns-is-layout-flex\">\n<div class=\"wp-block-column has-background is-layout-flow wp-block-column-is-layout-flow\" style=\"background-color:#007ab80d\">\n<h6 class=\"wp-block-heading has-text-align-center\">Service<\/h6>\n\n\n\n<p class=\"has-text-align-center\">Among other we also do machine servicing and modification, consulting, project engineering, training. We are dealing with spare parts, automation and modification kits.<\/p>\n<\/div>\n<\/div>\n\n\n\n<p><\/p>\n\n\n\n<p class=\"has-text-align-center\"><\/p>\n\n\n\n<p class=\"has-text-align-center\">OUR PRODUCT PARTNERS:<\/p>\n\n\n\n<figure class=\"wp-block-image alignwide size-large\"><img loading=\"lazy\" decoding=\"async\" width=\"1024\" height=\"321\" src=\"https:\/\/jucom.si\/wp-content\/uploads\/2023\/10\/brandi-1-1024x321.jpg\" alt=\"\" class=\"wp-image-61\" srcset=\"https:\/\/jucom.si\/wp-content\/uploads\/2023\/10\/brandi-1-1024x321.jpg 1024w, https:\/\/jucom.si\/wp-content\/uploads\/2023\/10\/brandi-1-300x94.jpg 300w, https:\/\/jucom.si\/wp-content\/uploads\/2023\/10\/brandi-1-768x240.jpg 768w, https:\/\/jucom.si\/wp-content\/uploads\/2023\/10\/brandi-1-1536x481.jpg 1536w, https:\/\/jucom.si\/wp-content\/uploads\/2023\/10\/brandi-1-1568x491.jpg 1568w, https:\/\/jucom.si\/wp-content\/uploads\/2023\/10\/brandi-1.jpg 1600w\" sizes=\"auto, (max-width: 1024px) 100vw, 1024px\" \/><\/figure>\n\n\n\n<figure class=\"wp-block-image alignwide size-full\"><a href=\"https:\/\/ffg-ea.com\/en\/\"><img loading=\"lazy\" decoding=\"async\" width=\"600\" height=\"493\" src=\"https:\/\/jucom.si\/wp-content\/uploads\/2023\/10\/ffg2.png\" alt=\"\" class=\"wp-image-103\" srcset=\"https:\/\/jucom.si\/wp-content\/uploads\/2023\/10\/ffg2.png 600w, https:\/\/jucom.si\/wp-content\/uploads\/2023\/10\/ffg2-300x247.png 300w\" sizes=\"auto, (max-width: 600px) 100vw, 600px\" \/><\/a><\/figure>\n\n\n\n<p><\/p>\n\n\n\n<h2 class=\"wp-block-heading has-text-align-center\">VISIT US AND OUR PARTNERS <\/h2>\n\n\n\n<h2 class=\"wp-block-heading has-text-align-center\"><mark style=\"background-color:rgba(0, 0, 0, 0)\" class=\"has-inline-color has-foreground-color\">on following fair trades<\/mark>:<\/h2>\n\n\n\n<p><\/p>\n\n\n\n<figure class=\"wp-block-image size-large is-style-default\"><a href=\"https:\/\/www.linkedin.com\/company\/jucomsi\/?viewAsMember=true\"><img loading=\"lazy\" decoding=\"async\" width=\"1024\" height=\"678\" src=\"https:\/\/jucom.si\/wp-content\/uploads\/2023\/10\/jucom-logo1-1024x678.jpg\" alt=\"\" class=\"wp-image-65\" srcset=\"https:\/\/jucom.si\/wp-content\/uploads\/2023\/10\/jucom-logo1-1024x678.jpg 1024w, https:\/\/jucom.si\/wp-content\/uploads\/2023\/10\/jucom-logo1-300x199.jpg 300w, https:\/\/jucom.si\/wp-content\/uploads\/2023\/10\/jucom-logo1-768x509.jpg 768w, https:\/\/jucom.si\/wp-content\/uploads\/2023\/10\/jucom-logo1.jpg 1049w\" sizes=\"auto, (max-width: 1024px) 100vw, 1024px\" \/><\/a><\/figure>\n","protected":false},"excerpt":{"rendered":"<p>OSG topovski svedri &#8211; AKCIJA Prodaja svedrov in rezilnih orodji za CNC stroje ter ro\u010dno orodje, itd&#8230; CNC obdelovalni centri, portalni in revolverske stru\u017enice VISIT OUR VIRTUAL SHOW ROOM Leadwell &#8211; we lead the way Smo distributer za precizne in hitre stroje VAN. Ponujamo vam re\u0161itve za natan\u010dno proizvodnjo. Kern Microtechnik Smo zastopnik za vrhunsko<a class=\"more-link\" href=\"https:\/\/jucom.si\/\">Continue reading <span class=\"screen-reader-text\">&#8220;VSE NA ENEM MESTU &#8211; OD STROJA DO ORODJA IN TEHNOLOGIJE NA KLJU\u010c&#8221;<\/span><\/a><\/p>\n","protected":false},"author":1,"featured_media":0,"parent":0,"menu_order":0,"comment_status":"closed","ping_status":"closed","template":"","meta":{"footnotes":""},"class_list":["post-19","page","type-page","status-publish","hentry","entry"],"_links":{"self":[{"href":"https:\/\/jucom.si\/index.php\/wp-json\/wp\/v2\/pages\/19","targetHints":{"allow":["GET"]}}],"collection":[{"href":"https:\/\/jucom.si\/index.php\/wp-json\/wp\/v2\/pages"}],"about":[{"href":"https:\/\/jucom.si\/index.php\/wp-json\/wp\/v2\/types\/page"}],"author":[{"embeddable":true,"href":"https:\/\/jucom.si\/index.php\/wp-json\/wp\/v2\/users\/1"}],"replies":[{"embeddable":true,"href":"https:\/\/jucom.si\/index.php\/wp-json\/wp\/v2\/comments?post=19"}],"version-history":[{"count":163,"href":"https:\/\/jucom.si\/index.php\/wp-json\/wp\/v2\/pages\/19\/revisions"}],"predecessor-version":[{"id":750,"href":"https:\/\/jucom.si\/index.php\/wp-json\/wp\/v2\/pages\/19\/revisions\/750"}],"wp:attachment":[{"href":"https:\/\/jucom.si\/index.php\/wp-json\/wp\/v2\/media?parent=19"}],"curies":[{"name":"wp","href":"https:\/\/api.w.org\/{rel}","templated":true}]}}