{"id":352,"date":"2024-07-16T20:05:34","date_gmt":"2024-07-16T18:05:34","guid":{"rendered":"https:\/\/jucom.si\/?page_id=352"},"modified":"2025-03-26T08:25:28","modified_gmt":"2025-03-26T06:25:28","slug":"van","status":"publish","type":"page","link":"https:\/\/jucom.si\/index.php\/van\/","title":{"rendered":"VAN"},"content":{"rendered":"\n<p><strong>AVTOMATSKE STRU\u017dNICE \u0160VICARSKEGA TIPA<\/strong><\/p>\n\n\n\n<p><\/p>\n\n\n<div class=\"wp-block-image\">\n<figure class=\"alignleft size-full\"><img loading=\"lazy\" decoding=\"async\" width=\"428\" height=\"216\" src=\"https:\/\/jucom.si\/wp-content\/uploads\/2024\/07\/fbf54113-e4b3-4108-b51d-ff8abe19a83b.png\" alt=\"\" class=\"wp-image-353\" srcset=\"https:\/\/jucom.si\/wp-content\/uploads\/2024\/07\/fbf54113-e4b3-4108-b51d-ff8abe19a83b.png 428w, https:\/\/jucom.si\/wp-content\/uploads\/2024\/07\/fbf54113-e4b3-4108-b51d-ff8abe19a83b-300x151.png 300w\" sizes=\"auto, (max-width: 428px) 100vw, 428px\" \/><\/figure>\n<\/div>\n\n\n<p>Smo distributer za precizne in hitre stroje VAN. Ponujamo vam re\u0161itve za natan\u010dno proizvodnjo in ne le stroj&nbsp;<strong>MR 20 V7.<\/strong>&nbsp;Ta model je priljubljen model, v katerem kombinacija zdru\u017euje hitrost, mo\u010d in odlo\u010dnost. Standardno lahko na prvi strani izvrtate globoke luknje do 350 mm naenkrat, z mo\u010djo motorja orodja 2,5 kW pa lahko dose\u017eete najve\u010djo u\u010dinkovitost delovanja va\u0161ega orodja pri operacijah rezkanja in vrtanja. <\/p>\n\n\n\n<p>Model&nbsp;<strong>MR 20 V8<\/strong>&nbsp;je 8-osni model MR 20 V7 z osjo Y2 na drugem vretenu. Tukaj je 8 \u017eivih orodij in osi Y2 na 2. vretenu. Na ta na\u010din lahko la\u017eje razdelite faze delovanja dela, ki ga boste obdelovali in skraj\u0161ate kupni delovni \u010das. Drsni sistem osi Y2 ima strukturo drsnika v obliki lastovi\u010djega repa in vam bo zagotovil najve\u010djo togost in ob\u010dutljivost pri delu na tej osi.<\/p>\n\n\n\n<p><strong>MR 38<\/strong>&nbsp;je hibridni model kombija V7. Tukaj lahko obdelujete surovce Do najve\u010djega premera 38 mm kot drsni avtomat in najve\u010djega premera 42 mm kot prodajni avtomat. Stroj je s svojo mo\u010djo motorja glavnega vretena 11 kW skoraj dokaz mo\u010di svojim tekmecem. Zlasti lahko s tem strojem re\u0161imo potrebe avtomobilskega sektorja s premerom 42 mm. Vendar pa zahvaljujo\u010d hibridnemu stroju, to je funkciji vodenja brez pu\u0161e, pu\u0161\u010da kratke izgube.<\/p>\n\n\n\n<p><\/p>\n\n\n<div class=\"wp-block-image\">\n<figure class=\"aligncenter size-full\"><img loading=\"lazy\" decoding=\"async\" width=\"773\" height=\"408\" src=\"https:\/\/jucom.si\/wp-content\/uploads\/2024\/07\/d79d74c6-ee01-4c96-abf9-1a73b667d45f.png\" alt=\"\" class=\"wp-image-354\" srcset=\"https:\/\/jucom.si\/wp-content\/uploads\/2024\/07\/d79d74c6-ee01-4c96-abf9-1a73b667d45f.png 773w, https:\/\/jucom.si\/wp-content\/uploads\/2024\/07\/d79d74c6-ee01-4c96-abf9-1a73b667d45f-300x158.png 300w, https:\/\/jucom.si\/wp-content\/uploads\/2024\/07\/d79d74c6-ee01-4c96-abf9-1a73b667d45f-768x405.png 768w\" sizes=\"auto, (max-width: 773px) 100vw, 773px\" \/><\/figure>\n<\/div>\n\n<div class=\"wp-block-image\">\n<figure class=\"aligncenter size-full\"><img loading=\"lazy\" decoding=\"async\" width=\"448\" height=\"380\" src=\"https:\/\/jucom.si\/wp-content\/uploads\/2024\/07\/bc2606a9-857a-4406-a002-3d9d251f5165.png\" alt=\"\" class=\"wp-image-355\" srcset=\"https:\/\/jucom.si\/wp-content\/uploads\/2024\/07\/bc2606a9-857a-4406-a002-3d9d251f5165.png 448w, https:\/\/jucom.si\/wp-content\/uploads\/2024\/07\/bc2606a9-857a-4406-a002-3d9d251f5165-300x254.png 300w\" sizes=\"auto, (max-width: 448px) 100vw, 448px\" \/><\/figure>\n<\/div>\n\n<div class=\"wp-block-image\">\n<figure class=\"aligncenter size-full\"><img loading=\"lazy\" decoding=\"async\" width=\"637\" height=\"725\" src=\"https:\/\/jucom.si\/wp-content\/uploads\/2024\/07\/41c25379-85cf-4c29-a370-b4466642e64c.png\" alt=\"\" class=\"wp-image-356\" srcset=\"https:\/\/jucom.si\/wp-content\/uploads\/2024\/07\/41c25379-85cf-4c29-a370-b4466642e64c.png 637w, https:\/\/jucom.si\/wp-content\/uploads\/2024\/07\/41c25379-85cf-4c29-a370-b4466642e64c-264x300.png 264w\" sizes=\"auto, (max-width: 637px) 100vw, 637px\" \/><\/figure>\n<\/div>\n\n<div class=\"wp-block-image\">\n<figure class=\"aligncenter size-full\"><img loading=\"lazy\" decoding=\"async\" width=\"809\" height=\"511\" src=\"https:\/\/jucom.si\/wp-content\/uploads\/2024\/07\/68afb8db-5972-4f22-a987-a2540639f4d8.png\" alt=\"\" class=\"wp-image-357\" srcset=\"https:\/\/jucom.si\/wp-content\/uploads\/2024\/07\/68afb8db-5972-4f22-a987-a2540639f4d8.png 809w, https:\/\/jucom.si\/wp-content\/uploads\/2024\/07\/68afb8db-5972-4f22-a987-a2540639f4d8-300x189.png 300w, https:\/\/jucom.si\/wp-content\/uploads\/2024\/07\/68afb8db-5972-4f22-a987-a2540639f4d8-768x485.png 768w\" sizes=\"auto, (max-width: 809px) 100vw, 809px\" \/><\/figure>\n<\/div>\n\n<div class=\"wp-block-image\">\n<figure class=\"aligncenter size-full\"><img loading=\"lazy\" decoding=\"async\" width=\"814\" height=\"510\" src=\"https:\/\/jucom.si\/wp-content\/uploads\/2024\/07\/5a661e5a-e3da-402c-b3b3-40f219947dca.png\" alt=\"\" class=\"wp-image-358\" srcset=\"https:\/\/jucom.si\/wp-content\/uploads\/2024\/07\/5a661e5a-e3da-402c-b3b3-40f219947dca.png 814w, https:\/\/jucom.si\/wp-content\/uploads\/2024\/07\/5a661e5a-e3da-402c-b3b3-40f219947dca-300x188.png 300w, https:\/\/jucom.si\/wp-content\/uploads\/2024\/07\/5a661e5a-e3da-402c-b3b3-40f219947dca-768x481.png 768w\" sizes=\"auto, (max-width: 814px) 100vw, 814px\" \/><\/figure>\n<\/div>\n\n\n<p><\/p>\n\n\n\n<h6 class=\"wp-block-heading\"><strong>Sre\u010dali smo se z na\u0161imi obiskovalci na EMO 2023 sejmu v Hannoverju.<\/strong><\/h6>\n\n\n<div class=\"wp-block-image\">\n<figure class=\"aligncenter size-full\"><img loading=\"lazy\" decoding=\"async\" width=\"850\" height=\"462\" src=\"https:\/\/jucom.si\/wp-content\/uploads\/2024\/07\/7284de75-acce-4d94-abda-65c25de30f15.png\" alt=\"\" class=\"wp-image-359\" srcset=\"https:\/\/jucom.si\/wp-content\/uploads\/2024\/07\/7284de75-acce-4d94-abda-65c25de30f15.png 850w, https:\/\/jucom.si\/wp-content\/uploads\/2024\/07\/7284de75-acce-4d94-abda-65c25de30f15-300x163.png 300w, https:\/\/jucom.si\/wp-content\/uploads\/2024\/07\/7284de75-acce-4d94-abda-65c25de30f15-768x417.png 768w\" sizes=\"auto, (max-width: 850px) 100vw, 850px\" \/><\/figure>\n<\/div>\n\n\n<figure class=\"wp-block-image size-full is-resized\"><img loading=\"lazy\" decoding=\"async\" width=\"574\" height=\"620\" src=\"https:\/\/jucom.si\/wp-content\/uploads\/2024\/07\/985d991d-d320-435d-bdad-34b0cf6f4b34.png\" alt=\"\" class=\"wp-image-373\" style=\"width:781px;height:auto\" srcset=\"https:\/\/jucom.si\/wp-content\/uploads\/2024\/07\/985d991d-d320-435d-bdad-34b0cf6f4b34.png 574w, https:\/\/jucom.si\/wp-content\/uploads\/2024\/07\/985d991d-d320-435d-bdad-34b0cf6f4b34-278x300.png 278w\" sizes=\"auto, (max-width: 574px) 100vw, 574px\" \/><\/figure>\n\n\n\n<figure class=\"wp-block-image size-full is-resized\"><img loading=\"lazy\" decoding=\"async\" width=\"576\" height=\"781\" src=\"https:\/\/jucom.si\/wp-content\/uploads\/2024\/07\/72c83593-e0a5-485d-925c-7ffea757da47.png\" alt=\"\" class=\"wp-image-376\" style=\"width:778px;height:auto\" srcset=\"https:\/\/jucom.si\/wp-content\/uploads\/2024\/07\/72c83593-e0a5-485d-925c-7ffea757da47.png 576w, https:\/\/jucom.si\/wp-content\/uploads\/2024\/07\/72c83593-e0a5-485d-925c-7ffea757da47-221x300.png 221w\" sizes=\"auto, (max-width: 576px) 100vw, 576px\" \/><\/figure>\n\n\n\n<figure class=\"wp-block-image size-full\"><img loading=\"lazy\" decoding=\"async\" width=\"866\" height=\"726\" src=\"https:\/\/jucom.si\/wp-content\/uploads\/2024\/07\/9789a482-c050-49f6-92b0-7e736d6485b8.png\" alt=\"\" class=\"wp-image-378\" srcset=\"https:\/\/jucom.si\/wp-content\/uploads\/2024\/07\/9789a482-c050-49f6-92b0-7e736d6485b8.png 866w, https:\/\/jucom.si\/wp-content\/uploads\/2024\/07\/9789a482-c050-49f6-92b0-7e736d6485b8-300x252.png 300w, https:\/\/jucom.si\/wp-content\/uploads\/2024\/07\/9789a482-c050-49f6-92b0-7e736d6485b8-768x644.png 768w\" sizes=\"auto, (max-width: 866px) 100vw, 866px\" \/><\/figure>\n\n\n\n<figure class=\"wp-block-image size-full\"><img loading=\"lazy\" decoding=\"async\" width=\"863\" height=\"480\" src=\"https:\/\/jucom.si\/wp-content\/uploads\/2024\/07\/a846a422-3351-461c-b834-b9dd78aa92a3.png\" alt=\"\" class=\"wp-image-380\" srcset=\"https:\/\/jucom.si\/wp-content\/uploads\/2024\/07\/a846a422-3351-461c-b834-b9dd78aa92a3.png 863w, https:\/\/jucom.si\/wp-content\/uploads\/2024\/07\/a846a422-3351-461c-b834-b9dd78aa92a3-300x167.png 300w, https:\/\/jucom.si\/wp-content\/uploads\/2024\/07\/a846a422-3351-461c-b834-b9dd78aa92a3-768x427.png 768w\" sizes=\"auto, (max-width: 863px) 100vw, 863px\" \/><\/figure>\n","protected":false},"excerpt":{"rendered":"<p>AVTOMATSKE STRU\u017dNICE \u0160VICARSKEGA TIPA Smo distributer za precizne in hitre stroje VAN. Ponujamo vam re\u0161itve za natan\u010dno proizvodnjo in ne le stroj&nbsp;MR 20 V7.&nbsp;Ta model je priljubljen model, v katerem kombinacija zdru\u017euje hitrost, mo\u010d in odlo\u010dnost. Standardno lahko na prvi strani izvrtate globoke luknje do 350 mm naenkrat, z mo\u010djo motorja orodja 2,5 kW pa<a class=\"more-link\" href=\"https:\/\/jucom.si\/index.php\/van\/\">Continue reading <span class=\"screen-reader-text\">&#8220;VAN&#8221;<\/span><\/a><\/p>\n","protected":false},"author":1,"featured_media":0,"parent":0,"menu_order":0,"comment_status":"closed","ping_status":"closed","template":"","meta":{"footnotes":""},"class_list":["post-352","page","type-page","status-publish","hentry","entry"],"_links":{"self":[{"href":"https:\/\/jucom.si\/index.php\/wp-json\/wp\/v2\/pages\/352","targetHints":{"allow":["GET"]}}],"collection":[{"href":"https:\/\/jucom.si\/index.php\/wp-json\/wp\/v2\/pages"}],"about":[{"href":"https:\/\/jucom.si\/index.php\/wp-json\/wp\/v2\/types\/page"}],"author":[{"embeddable":true,"href":"https:\/\/jucom.si\/index.php\/wp-json\/wp\/v2\/users\/1"}],"replies":[{"embeddable":true,"href":"https:\/\/jucom.si\/index.php\/wp-json\/wp\/v2\/comments?post=352"}],"version-history":[{"count":14,"href":"https:\/\/jucom.si\/index.php\/wp-json\/wp\/v2\/pages\/352\/revisions"}],"predecessor-version":[{"id":625,"href":"https:\/\/jucom.si\/index.php\/wp-json\/wp\/v2\/pages\/352\/revisions\/625"}],"wp:attachment":[{"href":"https:\/\/jucom.si\/index.php\/wp-json\/wp\/v2\/media?parent=352"}],"curies":[{"name":"wp","href":"https:\/\/api.w.org\/{rel}","templated":true}]}}