{"id":78,"date":"2023-10-25T18:18:13","date_gmt":"2023-10-25T16:18:13","guid":{"rendered":"https:\/\/jucom.si\/?page_id=78"},"modified":"2024-06-23T11:02:33","modified_gmt":"2024-06-23T09:02:33","slug":"leadwell","status":"publish","type":"page","link":"https:\/\/jucom.si\/index.php\/leadwell\/","title":{"rendered":"Leadwell"},"content":{"rendered":"\n<p><\/p>\n\n\n\n<figure class=\"wp-block-image size-full\"><img loading=\"lazy\" decoding=\"async\" width=\"306\" height=\"138\" src=\"https:\/\/jucom.si\/wp-content\/uploads\/2023\/10\/Untitled.jpg\" alt=\"\" class=\"wp-image-79\" srcset=\"https:\/\/jucom.si\/wp-content\/uploads\/2023\/10\/Untitled.jpg 306w, https:\/\/jucom.si\/wp-content\/uploads\/2023\/10\/Untitled-300x135.jpg 300w\" sizes=\"auto, (max-width: 306px) 100vw, 306px\" \/><\/figure>\n\n\n\n<p>Produkcijska stru\u017enica, linearna ali drsna vodila, velikost glave 200 mm, nasprotno vreteno, Y-os<\/p>\n\n\n\n<ul class=\"wp-block-list\">\n<li><a href=\"https:\/\/jucom.si\/wp-content\/uploads\/2023\/11\/LEADWELL-KATALOG-CNC-STRUZNICE-230518-T-7A.LTC-20D-SERIJE.pdf\" target=\"_blank\" rel=\"noreferrer noopener\">LEADWELL KATALOG CNC STRUZ\u030cNICE 230518-T-7A.LTC-20D SERIJE<\/a><\/li>\n<\/ul>\n\n\n\n<p>Ve\u010dopravilna stru\u017enica, dva vretena, dva revolverja, Y-os<\/p>\n\n\n\n<ul class=\"wp-block-list\">\n<li><a href=\"https:\/\/jucom.si\/wp-content\/uploads\/2023\/11\/LEADWELL-KATALOG-CNC-STRUZNICE-T7T2SMY-SERIJE.pdf\" target=\"_blank\" rel=\"noreferrer noopener\">LEADWELL KATALOG CNC STRUZ\u030cNICE T7T2SMY-SERIJE<\/a><\/li>\n<\/ul>\n\n\n\n<p>Serijski vertikalni obdelovalni center, ISO 40, linearna vodila,<\/p>\n\n\n\n<ul class=\"wp-block-list\">\n<li><a href=\"https:\/\/jucom.si\/wp-content\/uploads\/2023\/11\/LEADWELL-KATALOG-CNC-OBDELOVANI-CENTRI-VE-SERIJE.pdf\" target=\"_blank\" rel=\"noreferrer noopener\">LEADWELL KATALOG CNC OBDELOVANI CENTRI VE-SERIJE<\/a><\/li>\n<\/ul>\n\n\n\n<p>Vertikalni obdelovalni za ve\u010dje obremenitve, ISO 50, drsna vodila,<\/p>\n\n\n\n<ul class=\"wp-block-list\">\n<li><a href=\"https:\/\/jucom.si\/wp-content\/uploads\/2023\/11\/LEADWELL-KATALOG-CNC-OBDELOVANI-CENTRI-MCV-SERIJE.pdf\" target=\"_blank\" rel=\"noreferrer noopener\">LEADWELL KATALOG CNC OBDELOVANI CENTRI MCV-SERIJE<\/a><\/li>\n<\/ul>\n\n\n\n<p>5-osni stroj, nagibna vrtljiva miza do premera 650 mm<\/p>\n\n\n\n<ul class=\"wp-block-list\">\n<li><a href=\"https:\/\/jucom.si\/wp-content\/uploads\/2023\/11\/LEADWELL-KATALOG-CNC-OBDELOVANI-CENTRI-5-OSNI-MU-SERIJE.pdf\" target=\"_blank\" rel=\"noreferrer noopener\">LEADWELL KATALOG CNC OBDELOVANI CENTRI 5 OSNI MU-SERIJE<\/a><\/li>\n<\/ul>\n\n\n\n<p><\/p>\n\n\n\n<p>Misija podjetja LEADWELL je nenehno iskanje odli\u010dnosti in pridobivanje spo\u0161tovanja v industriji. S 40 let izku\u0161enj se celotno osebje podjetja LEADWELL CNC zavezuje k inovacijam, zagotavljanju kakovosti, svetovnemu poprodajnemu servisu vrhunske kakovosti ter okolju prijaznim strojem za obdelavo kovin na svetovnem trgu. Trudimo se pridobiti spo\u0161tovanje tako na\u0161ih strank kot tudi svetovnih konkurentov.<\/p>\n\n\n\n<figure class=\"wp-block-image size-large\"><a href=\"https:\/\/www.leadwell.com.tw\/showroom\/eng.html\"><img loading=\"lazy\" decoding=\"async\" width=\"1024\" height=\"420\" src=\"https:\/\/jucom.si\/wp-content\/uploads\/2024\/01\/Brez-naslova-1-1024x420.png\" alt=\"\" class=\"wp-image-182\" srcset=\"https:\/\/jucom.si\/wp-content\/uploads\/2024\/01\/Brez-naslova-1-1024x420.png 1024w, https:\/\/jucom.si\/wp-content\/uploads\/2024\/01\/Brez-naslova-1-300x123.png 300w, https:\/\/jucom.si\/wp-content\/uploads\/2024\/01\/Brez-naslova-1-768x315.png 768w, https:\/\/jucom.si\/wp-content\/uploads\/2024\/01\/Brez-naslova-1-1536x629.png 1536w, https:\/\/jucom.si\/wp-content\/uploads\/2024\/01\/Brez-naslova-1-2048x839.png 2048w, https:\/\/jucom.si\/wp-content\/uploads\/2024\/01\/Brez-naslova-1-1568x642.png 1568w\" sizes=\"auto, (max-width: 1024px) 100vw, 1024px\" \/><\/a><\/figure>\n","protected":false},"excerpt":{"rendered":"<p>Produkcijska stru\u017enica, linearna ali drsna vodila, velikost glave 200 mm, nasprotno vreteno, Y-os Ve\u010dopravilna stru\u017enica, dva vretena, dva revolverja, Y-os Serijski vertikalni obdelovalni center, ISO 40, linearna vodila, Vertikalni obdelovalni za ve\u010dje obremenitve, ISO 50, drsna vodila, 5-osni stroj, nagibna vrtljiva miza do premera 650 mm Misija podjetja LEADWELL je nenehno iskanje odli\u010dnosti in pridobivanje<a class=\"more-link\" href=\"https:\/\/jucom.si\/index.php\/leadwell\/\">Continue reading <span class=\"screen-reader-text\">&#8220;Leadwell&#8221;<\/span><\/a><\/p>\n","protected":false},"author":1,"featured_media":0,"parent":0,"menu_order":0,"comment_status":"closed","ping_status":"closed","template":"","meta":{"footnotes":""},"class_list":["post-78","page","type-page","status-publish","hentry","entry"],"_links":{"self":[{"href":"https:\/\/jucom.si\/index.php\/wp-json\/wp\/v2\/pages\/78","targetHints":{"allow":["GET"]}}],"collection":[{"href":"https:\/\/jucom.si\/index.php\/wp-json\/wp\/v2\/pages"}],"about":[{"href":"https:\/\/jucom.si\/index.php\/wp-json\/wp\/v2\/types\/page"}],"author":[{"embeddable":true,"href":"https:\/\/jucom.si\/index.php\/wp-json\/wp\/v2\/users\/1"}],"replies":[{"embeddable":true,"href":"https:\/\/jucom.si\/index.php\/wp-json\/wp\/v2\/comments?post=78"}],"version-history":[{"count":8,"href":"https:\/\/jucom.si\/index.php\/wp-json\/wp\/v2\/pages\/78\/revisions"}],"predecessor-version":[{"id":350,"href":"https:\/\/jucom.si\/index.php\/wp-json\/wp\/v2\/pages\/78\/revisions\/350"}],"wp:attachment":[{"href":"https:\/\/jucom.si\/index.php\/wp-json\/wp\/v2\/media?parent=78"}],"curies":[{"name":"wp","href":"https:\/\/api.w.org\/{rel}","templated":true}]}}